{"id":253,"date":"2014-01-02T13:44:34","date_gmt":"2014-01-02T12:44:34","guid":{"rendered":"http:\/\/www.rheinland-pfalz-saarland.freidenker.org\/cms\/?page_id=253"},"modified":"2019-01-25T23:39:44","modified_gmt":"2019-01-25T22:39:44","slug":"jugendfeier","status":"publish","type":"page","link":"https:\/\/www.rheinland-pfalz-saarland.freidenker.org\/cms\/?page_id=253","title":{"rendered":"JugendFeier"},"content":{"rendered":"<p>Der Landesvorstand bietet f\u00fcr Saarland\/Rheinland-Pfalz die Durchf\u00fchrung von JugendFeiern an.<\/p>\n<h2><strong> JugendFeier, was ist das?<\/strong><\/h2>\n<p>In allen \u00fcberlieferten Kulturen gab es Br\u00e4uche und Riten der Einf\u00fchrung der Jugendlichen in die Welt der Erwachsenen. Auch das Christentum hat diese Tradition aufgegriffen und zum festen Bestandteil religi\u00f6ser Erziehung gemacht.<\/p>\n<p>Davon begannen sich im 19. Jahrhundert freireligi\u00f6se und freidenkerische Gruppen zu l\u00f6sen. Die Jugendweihe wurde eigenst\u00e4ndig entwickelt. Sie markiert den \u00dcbergang vom Jugend- ins Erwachsenenalter und ist eine festliche Aufnahme in die Welt des Erwachsenseins.<\/p>\n<p>F\u00fcr immer mehr Jugendliche stellt sich die Frage: Hat es Sinn, ohne religi\u00f6se \u00dcberzeugung an der kirchlichen Feier zum Erwachsenwerden teilzunehmen? Der immer gr\u00f6\u00dfer werdenden Zahl von Kirchenaustritten der Erwachsenen muss nicht das weltanschauliche Nichts f\u00fcr die Kinder folgen. Au\u00dfer religi\u00f6sen Ansichten gibt es die Auffassung, dass das Leben vor dem Tode stattfindet. Das richtige Leben! Und dass dieses Leben von den Menschen gestaltet werden kann.<\/p>\n<p>Interessiert?<\/p>\n<p>Dann schreibt eine Mail an: <a href=\"mailto:jugendfeier-rps@freidenker.org\">jugendfeier-rps@freidenker.org<\/a><\/p>\n<p>Lest hier unsere Eindr\u00fccke zur JugendFeier 2014: <strong>\u00a0<\/strong><a href=\"https:\/\/www.rheinland-pfalz-saarland.freidenker.org\/cms\/?p=298\">Weltliche Jugendfeier in Sulzbach<\/a><\/p>\n<p>Unsere bisherigen Beitr\u00e4ge zu den Themen <strong>Jugendfeier<\/strong> bzw. <strong>Jugendweihe<\/strong> erreicht Ihr <a href=\"https:\/\/www.rheinland-pfalz-saarland.freidenker.org\/cms\/?s=Jugendweihe+Jugendfeier\">hier<\/a>.<\/p>\n","protected":false},"excerpt":{"rendered":"<p>Der Landesvorstand bietet f\u00fcr Saarland\/Rheinland-Pfalz die Durchf\u00fchrung von JugendFeiern an. JugendFeier, was ist das? In allen \u00fcberlieferten Kulturen gab es Br\u00e4uche und Riten der Einf\u00fchrung der Jugendlichen in die Welt der Erwachsenen. Auch das Christentum hat diese Tradition aufgegriffen und zum festen Bestandteil religi\u00f6ser Erziehung gemacht. Davon begannen sich im 19. Jahrhundert freireligi\u00f6se und freidenkerische [&hellip;]<\/p>\n","protected":false},"author":3,"featured_media":0,"parent":0,"menu_order":3,"comment_status":"closed","ping_status":"closed","template":"","meta":{"jetpack_post_was_ever_published":false,"footnotes":""},"class_list":["post-253","page","type-page","status-publish","hentry"],"jetpack_shortlink":"https:\/\/wp.me\/P4d9vn-45","jetpack_sharing_enabled":false,"_links":{"self":[{"href":"https:\/\/www.rheinland-pfalz-saarland.freidenker.org\/cms\/index.php?rest_route=\/wp\/v2\/pages\/253","targetHints":{"allow":["GET"]}}],"collection":[{"href":"https:\/\/www.rheinland-pfalz-saarland.freidenker.org\/cms\/index.php?rest_route=\/wp\/v2\/pages"}],"about":[{"href":"https:\/\/www.rheinland-pfalz-saarland.freidenker.org\/cms\/index.php?rest_route=\/wp\/v2\/types\/page"}],"author":[{"embeddable":true,"href":"https:\/\/www.rheinland-pfalz-saarland.freidenker.org\/cms\/index.php?rest_route=\/wp\/v2\/users\/3"}],"replies":[{"embeddable":true,"href":"https:\/\/www.rheinland-pfalz-saarland.freidenker.org\/cms\/index.php?rest_route=%2Fwp%2Fv2%2Fcomments&post=253"}],"version-history":[{"count":32,"href":"https:\/\/www.rheinland-pfalz-saarland.freidenker.org\/cms\/index.php?rest_route=\/wp\/v2\/pages\/253\/revisions"}],"predecessor-version":[{"id":570,"href":"https:\/\/www.rheinland-pfalz-saarland.freidenker.org\/cms\/index.php?rest_route=\/wp\/v2\/pages\/253\/revisions\/570"}],"wp:attachment":[{"href":"https:\/\/www.rheinland-pfalz-saarland.freidenker.org\/cms\/index.php?rest_route=%2Fwp%2Fv2%2Fmedia&parent=253"}],"curies":[{"name":"wp","href":"https:\/\/api.w.org\/{rel}","templated":true}]}}